{"id":308,"date":"2016-02-12T08:51:17","date_gmt":"2016-02-12T08:51:17","guid":{"rendered":"http:\/\/croatia4me.com\/?page_id=308"},"modified":"2018-03-05T15:10:22","modified_gmt":"2018-03-05T15:10:22","slug":"our-goal","status":"publish","type":"page","link":"https:\/\/croatia4me.com\/nl\/our-goal\/","title":{"rendered":"Ons doel &#8211; voor adverteerders"},"content":{"rendered":"Ons bedrijf bestaat uit Kroatische en Nederlandse collega&#8217;s. <strong>We richten ons specifiek op het bieden en presenteren van toeristische informatie over Kroati\u00eb als vakantie bestemming voor Nederlandse toeristen<\/strong>. We kunnen deze toeristische informatie bieden, zoals gezien door de ogen van Nederlandse toeristen en lokale Kroatische bewoners. Onze toeristische informatie over Kroati\u00eb als vakantiebestemming is speciaal aangepast aan de Nederlandse toerist, die specifieke interesse en behoeften heeft. De Nederlandse toerist is niet vertrouwd met de verdeling van Kroati\u00eb in regio&#8217;s, als continentale en kustgebieden, zoals gebruikt door de meeste Kroatische toeristen bureaus, en de behoeften van onze Nederlandse gasten gaan verder dan alleen het strand en kust bestemmingen, de nationale parken (Plitvice) en top bestemmingen (Dubrovnik, Split, Istri\u00eb) in Kroati\u00eb. De Nederlandse gast houdt ervan om te verkennen en nieuwe gebieden te ontdekken, meestal met eigen vervoer. <strong>Er zijn twee verschillende groepen van Nederlandse toeristen<\/strong>, degenen die van een kampeervakantie houden, waarin zij hun comfort hebben gevonden, en een groeiende senioren groep die meer comfort, lekker eten en nog veel meer cultuur en landelijke bestemmingen buiten de belangrijkste zomerseizoen zoekt.<\/p>\n<p>Echter, voor een comfortabele vakantie hebben beide groepen<strong> behoefte aan informatie<\/strong> over mobiliteit, de beschikbaarheid van de campings, appartementen en hotels in het binnenland van Kroati\u00eb, waar, hoe, bij wie je te melden, de kosten van diensten, de tijd van het jaar waarin je kunt gaan en wat er (dan) te zien is. Afgezien van de top bestemmingen langs de kust, zijn Nederlanders ge\u00efnteresseerd in gebieden in het binnenland van Kroati\u00eb en de lokale folklore, deze informatie wordt niet goed gepresenteerd door de huidige toeristische informatie websites over Kroati\u00eb.<\/p>\n<p><strong>Ons doel<\/strong> is om Kroati\u00eb te presenteren als een interessant, multidimensionale toeristische bestemming, met de nadruk op de mogelijkheden voor de hierboven genoemde verschillende groepen toeristen. Toeristische informatie over Kroati\u00eb op onze website wordt aangeboden in een vorm die als meest interessant voor de Nederlandse bezoekers zal zijn!<\/p>\n<p>De toeristische informatie over Kroati\u00eb wordt in verschillende categorie\u00ebn in het menu aan de bovenkant van onze website gepresenteerd op een manier toegepast voor de Nederlandse toerist. We geven toeristische informatie over Kroati\u00eb weer als Kroati\u00eb in zijn geheel, steden, regio&#8217;s, minder bekende gebieden in het binnenland van Kroati\u00eb, kust en eilanden, en culturele bestemmingen zoals, musea, lokale festivals, kastelen.<\/p>\n<p>We verkopen geen reispakketten naar Kroati\u00eb, zijn niet in staat om te helpen met het maken van reserveringen, vertalingen en bemiddelingen in (juridische) aspecten van welke aard dan ook. Er kunnen geen rechten worden ontleend aan de informatie op onze website www.croatia4me.com informatie.<\/p>\n<p><strong>Het internet is momenteel de meest effectieve manier om potenti\u00eble klanten te bereiken<\/strong> tot in hun huis en dat wel 24 uur per dag. De mogelijkheden van reclame via het internet, met toegang tot niet alleen vaste computers, draagbare laptops, maar steeds meer via mobiele telefoons en tablets is onbeperkt. Via internet reclame kan een steeds grotere doelgroep worden bereikt, en is er meer en doelgerichte interactie met potenti\u00eble klanten mogelijk. In Nederland maken de senioren steeds meer gebruik van tablets en mobiele smart phone&#8217;s om hun leven en ook hun vakanties te plannen en te organiseren. Het is daarom van het grootste belang dat uw advertenties op websites worden gepresenteerd die geschikt zijn voor en mobiele toepassingen ondersteunen.<\/p>\n<p>Wij bieden adverteerders op onze website een unieke toegang tot de Nederlandse toerist, door de kennis van de Nederlandse interesse in vakantiebestemmingen door onze Nederlandse collega&#8217;s, in combinatie met de lokale kennis van onze Kroatische collega&#8217;s.<br \/>\nOnze aanpak is uniek om het Nederlands toerisme naar Kroati\u00eb toe te laten nemen, <strong>ook buiten het belangrijke zomervakantie seizoen<\/strong>, <strong>naar regio&#8217;s in het binnenland<\/strong> en <strong>voor een grotere en meer gevarieerde doelgroep<\/strong>. Het binnenland van Kroati\u00eb is onderontwikkeld op het gebied van toeristisch aanbod, maar het heeft veel potentie op het gebied van zijn natuurlijke en culturele erfgoed. Daarom is het van het grootste belang om specifieke toeristen doelgroepen naar deze regio&#8217;s te trekken, dit om verdere ontwikkeling van toeristische mogelijkheden te motiveren.<\/p>\n<p>Als u op onze website wilt adverteren kunnen wij u diverse pakketten aanbieden. Voor meer informatie neemt u contact op met info@croatia4me.com.","protected":false},"excerpt":{"rendered":"<p>Ons bedrijf bestaat uit Kroatische en Nederlandse collega&#8217;s. We richten ons specifiek op het bieden en presenteren van toeristische informatie over Kroati\u00eb als vakantie bestemming voor Nederlandse toeristen. We kunnen deze toeristische informatie bieden, zoals gezien door de ogen van Nederlandse toeristen en lokale Kroatische bewoners. Onze toeristische informatie over Kroati\u00eb als vakantiebestemming is speciaal aangepast aan de Nederlandse toerist, &hellip;<\/p>\n","protected":false},"author":4,"featured_media":1151,"parent":0,"menu_order":0,"comment_status":"closed","ping_status":"closed","template":"templates\/page-full-width.php","meta":{"_acf_changed":false,"footnotes":""},"class_list":["post-308","page","type-page","status-publish","has-post-thumbnail","hentry"],"acf":[],"_links":{"self":[{"href":"https:\/\/croatia4me.com\/nl\/wp-json\/wp\/v2\/pages\/308","targetHints":{"allow":["GET"]}}],"collection":[{"href":"https:\/\/croatia4me.com\/nl\/wp-json\/wp\/v2\/pages"}],"about":[{"href":"https:\/\/croatia4me.com\/nl\/wp-json\/wp\/v2\/types\/page"}],"author":[{"embeddable":true,"href":"https:\/\/croatia4me.com\/nl\/wp-json\/wp\/v2\/users\/4"}],"replies":[{"embeddable":true,"href":"https:\/\/croatia4me.com\/nl\/wp-json\/wp\/v2\/comments?post=308"}],"version-history":[{"count":12,"href":"https:\/\/croatia4me.com\/nl\/wp-json\/wp\/v2\/pages\/308\/revisions"}],"predecessor-version":[{"id":5827,"href":"https:\/\/croatia4me.com\/nl\/wp-json\/wp\/v2\/pages\/308\/revisions\/5827"}],"wp:featuredmedia":[{"embeddable":true,"href":"https:\/\/croatia4me.com\/nl\/wp-json\/wp\/v2\/media\/1151"}],"wp:attachment":[{"href":"https:\/\/croatia4me.com\/nl\/wp-json\/wp\/v2\/media?parent=308"}],"curies":[{"name":"wp","href":"https:\/\/api.w.org\/{rel}","templated":true}]}}